{"id":104,"date":"2020-11-13T17:05:46","date_gmt":"2020-11-13T17:05:46","guid":{"rendered":"https:\/\/volleyball-kt43.de\/?page_id=104"},"modified":"2024-11-22T10:43:00","modified_gmt":"2024-11-22T10:43:00","slug":"damen-i","status":"publish","type":"page","link":"https:\/\/volleyball-kt43.de\/?page_id=104","title":{"rendered":"Damen I"},"content":{"rendered":"\n<h2 class=\"wp-block-heading\" id=\"cc-m-header-9031212065\">Damen 1<\/h2>\n\n\n\n<p><strong>Liga<\/strong><br>Verbandsliga<\/p>\n\n\n\n<p><strong>Trainingszeiten<\/strong><br>Dienstag 19:45 &#8211; 21:45<br>Donnerstag 19:45 &#8211; 21:45<\/p>\n\n\n\n<p><strong>Trainingsort<\/strong><br>Dreifachsporthalle des Gymnasiums Kreuzgasse<br>Vogelsanger Stra\u00dfe 1<br>50672 K\u00f6ln<\/p>\n\n\n\n<p><strong>Kontakt<\/strong><br><a href=\"https:\/\/de-de.facebook.com\/Kt43VolleyballDamen\" data-type=\"URL\" data-id=\"https:\/\/de-de.facebook.com\/Kt43VolleyballDamen\" target=\"_blank\" rel=\"noreferrer noopener\">Facebook<\/a> <br><a href=\"mailto:Damen1@kt43-volleyball.de\">Damen1@kt43-volleyball.de<\/a><\/p>\n\n\n\n<h2 class=\"wp-block-heading\" id=\"cc-m-header-9031204665\">Wir suchen&#8230;<\/h2>\n\n\n\n<p>&#8230; f\u00fcr die kommende Saison 2019\/20 Verst\u00e4rkung auf mind. Verbandsliganiveau \u00fcber Mitte sowie \u00fcber Au\u00dfen\/Dia.<\/p>\n\n\n\n<p>Ebenso suchen wir eine Trainerin oder einen Trainer mit Lust auf unser engagiertes und vielseitiges Team!<\/p>\n\n\n\n<p>Besuche uns auf Facebook!<\/p>\n\n\n\n<figure class=\"wp-block-embed\"><div class=\"wp-block-embed__wrapper\">\nhttps:\/\/www.facebook.com\/Kt43VolleyballDamen\n<\/div><\/figure>\n\n\n\n<p><a href=\"https:\/\/ergebnisdienst.volleyball.nrw\/cms\/home\/erwachsene\/oberligen\/Ol_frauen\/oberliga_1_frauen.xhtml\" target=\"_blank\" rel=\"noreferrer noopener\">Ergebnisdienst des WVV<\/a><\/p>\n","protected":false},"excerpt":{"rendered":"<p>Damen 1 LigaVerbandsliga TrainingszeitenDienstag 19:45 &#8211; 21:45Donnerstag 19:45 &#8211; 21:45 TrainingsortDreifachsporthalle des Gymnasiums KreuzgasseVogelsanger Stra\u00dfe 150672 K\u00f6ln KontaktFacebook Damen1@kt43-volleyball.de Wir suchen&#8230; &#8230; f\u00fcr die kommende Saison 2019\/20 Verst\u00e4rkung auf mind. Verbandsliganiveau \u00fcber Mitte sowie \u00fcber Au\u00dfen\/Dia. Ebenso suchen wir eine &hellip; <a href=\"https:\/\/volleyball-kt43.de\/?page_id=104\">Weiterlesen <span class=\"meta-nav\">&rarr;<\/span><\/a><\/p>\n","protected":false},"author":1,"featured_media":0,"parent":0,"menu_order":0,"comment_status":"closed","ping_status":"closed","template":"","meta":{"footnotes":""},"class_list":["post-104","page","type-page","status-publish","hentry"],"_links":{"self":[{"href":"https:\/\/volleyball-kt43.de\/index.php?rest_route=\/wp\/v2\/pages\/104","targetHints":{"allow":["GET"]}}],"collection":[{"href":"https:\/\/volleyball-kt43.de\/index.php?rest_route=\/wp\/v2\/pages"}],"about":[{"href":"https:\/\/volleyball-kt43.de\/index.php?rest_route=\/wp\/v2\/types\/page"}],"author":[{"embeddable":true,"href":"https:\/\/volleyball-kt43.de\/index.php?rest_route=\/wp\/v2\/users\/1"}],"replies":[{"embeddable":true,"href":"https:\/\/volleyball-kt43.de\/index.php?rest_route=%2Fwp%2Fv2%2Fcomments&post=104"}],"version-history":[{"count":6,"href":"https:\/\/volleyball-kt43.de\/index.php?rest_route=\/wp\/v2\/pages\/104\/revisions"}],"predecessor-version":[{"id":238,"href":"https:\/\/volleyball-kt43.de\/index.php?rest_route=\/wp\/v2\/pages\/104\/revisions\/238"}],"wp:attachment":[{"href":"https:\/\/volleyball-kt43.de\/index.php?rest_route=%2Fwp%2Fv2%2Fmedia&parent=104"}],"curies":[{"name":"wp","href":"https:\/\/api.w.org\/{rel}","templated":true}]}}