{"id":107,"date":"2020-11-13T17:12:05","date_gmt":"2020-11-13T17:12:05","guid":{"rendered":"https:\/\/volleyball-kt43.de\/?page_id=107"},"modified":"2024-11-28T12:35:40","modified_gmt":"2024-11-28T12:35:40","slug":"damen-ii","status":"publish","type":"page","link":"https:\/\/volleyball-kt43.de\/?page_id=107","title":{"rendered":"Damen II"},"content":{"rendered":"\n<p><strong>Liga<\/strong><br>Bezirksliga<\/p>\n\n\n\n<p><strong>Trainingszeiten<\/strong><br>Dienstag 19:45 &#8211; 21:45<br>Donnerstag 19:45 &#8211; 21:45<\/p>\n\n\n\n<p><strong>Trainingsort<\/strong><br>Dreifachsporthalle des Gymnasiums Kreuzgasse<br>Vogelsanger Stra\u00dfe 1<br>50672 K\u00f6ln<\/p>\n\n\n\n<p><strong>Kontakt:<\/strong><br><a href=\"mailto:Damen2@KT43-Volleyball.de\">Damen2@KT43-Volleyball.de<\/a><\/p>\n\n\n\n<p><strong>Instagram:<\/strong><br>@kt43_damen2<br><\/p>\n\n\n\n<p>Gerade frisch aus der Landesliga in die Bezirksliga gerutscht, suchen wir wieder nach der<br>Herausforderung schnellstm\u00f6glich wieder aufzusteigen! Wir sind eine bunt durchgemischte,<br>engagierte Herzi-Mannschaft, die immer gerne mal eine Runde zockt, sich aber die<br>Linienl\u00e4ufe und das integrierte Krafttraining nicht nehmen l\u00e4sst. Im Sommer treffen wir uns<br>auch gerne mal au\u00dferhalb der Halle zum beachen oder eine entspannte Runde im Park.<br>Unsere Trainingszeiten sind dienstags und donnerstags von 19h45 bis ca. 21h50 in der<br>dreifach Sporthalle des Kreuzgassengymnasiums. Bei Anfragen k\u00f6nnt ihr euch gerne via<br>Mail bei uns melden oder ihr schaut mal auf unserem Instagram-Kanal unter @kt43_damen2 vorbei. Wir freuen uns auf euch!<\/p>\n\n\n\n<p><a href=\"https:\/\/ergebnisdienst.volleyball.nrw\/cms\/home\/erwachsene\/bezirksligen\/bezirksligen_frauen\/bezirksliga_2_frauen.xhtml\" target=\"_blank\" rel=\"noreferrer noopener\">Ergebnisdienst des WVV<\/a><\/p>\n","protected":false},"excerpt":{"rendered":"<p>LigaBezirksliga TrainingszeitenDienstag 19:45 &#8211; 21:45Donnerstag 19:45 &#8211; 21:45 TrainingsortDreifachsporthalle des Gymnasiums KreuzgasseVogelsanger Stra\u00dfe 150672 K\u00f6ln Kontakt:Damen2@KT43-Volleyball.de Instagram:@kt43_damen2 Gerade frisch aus der Landesliga in die Bezirksliga gerutscht, suchen wir wieder nach derHerausforderung schnellstm\u00f6glich wieder aufzusteigen! Wir sind eine bunt durchgemischte,engagierte Herzi-Mannschaft, &hellip; <a href=\"https:\/\/volleyball-kt43.de\/?page_id=107\">Weiterlesen <span class=\"meta-nav\">&rarr;<\/span><\/a><\/p>\n","protected":false},"author":1,"featured_media":0,"parent":0,"menu_order":0,"comment_status":"closed","ping_status":"closed","template":"","meta":{"footnotes":""},"class_list":["post-107","page","type-page","status-publish","hentry"],"_links":{"self":[{"href":"https:\/\/volleyball-kt43.de\/index.php?rest_route=\/wp\/v2\/pages\/107","targetHints":{"allow":["GET"]}}],"collection":[{"href":"https:\/\/volleyball-kt43.de\/index.php?rest_route=\/wp\/v2\/pages"}],"about":[{"href":"https:\/\/volleyball-kt43.de\/index.php?rest_route=\/wp\/v2\/types\/page"}],"author":[{"embeddable":true,"href":"https:\/\/volleyball-kt43.de\/index.php?rest_route=\/wp\/v2\/users\/1"}],"replies":[{"embeddable":true,"href":"https:\/\/volleyball-kt43.de\/index.php?rest_route=%2Fwp%2Fv2%2Fcomments&post=107"}],"version-history":[{"count":9,"href":"https:\/\/volleyball-kt43.de\/index.php?rest_route=\/wp\/v2\/pages\/107\/revisions"}],"predecessor-version":[{"id":248,"href":"https:\/\/volleyball-kt43.de\/index.php?rest_route=\/wp\/v2\/pages\/107\/revisions\/248"}],"wp:attachment":[{"href":"https:\/\/volleyball-kt43.de\/index.php?rest_route=%2Fwp%2Fv2%2Fmedia&parent=107"}],"curies":[{"name":"wp","href":"https:\/\/api.w.org\/{rel}","templated":true}]}}