{"id":113,"date":"2020-11-13T17:27:56","date_gmt":"2020-11-13T17:27:56","guid":{"rendered":"https:\/\/volleyball-kt43.de\/?page_id=113"},"modified":"2024-11-14T14:55:46","modified_gmt":"2024-11-14T14:55:46","slug":"herren","status":"publish","type":"page","link":"https:\/\/volleyball-kt43.de\/?page_id=113","title":{"rendered":"Herren"},"content":{"rendered":"\n<p id=\"cc-m-header-9031211865\"><strong>Liga<\/strong><br>2013\/2014 Oberliga I<br>2014\/2015 Oberliga I<br>2015\/2016 Verbandsliga I<br>2016\/2017 Verbandsliga II<br>2017\/2018 <a rel=\"noreferrer noopener\" href=\"https:\/\/www.volleyball.nrw\/nc\/spielwesen\/ergebnisdienst\/detail\/liga\/201798\/lc\/Liga\/la\/show\/\" target=\"_blank\">Oberliga I<\/a><\/p>\n\n\n\n<p><strong>Trainingszeiten<\/strong><br>Montag 19:45 &#8211; 21:45<br>Donnerstag 19:45 &#8211; 21:45<\/p>\n\n\n\n<p><strong>Trainingsort<\/strong><br>Dreifachsporthalle des Gymnasiums Kreuzgasse<br>Vogelsanger Stra\u00dfe 1<br>50672 K\u00f6ln<\/p>\n\n\n\n<p><strong>Kontakt<\/strong><br><a href=\"mailto:herren1-kt43volleyball@googlegroups.com\">herren1-kt43volleyball@googlegroups.com<\/a><br><strong><a rel=\"noreferrer noopener\" href=\"https:\/\/facebook.com\/kt43herren\" target=\"_blank\">facebook\/kt43herren<\/a><\/strong><\/p>\n\n\n\n<figure class=\"wp-block-image\"><img decoding=\"async\" src=\"https:\/\/image.jimcdn.com\/app\/cms\/image\/transf\/dimension=547x10000:format=jpg\/path\/s4d7530462afc651a\/image\/i9cbff9fff631eb3c\/version\/1506950526\/image.jpg\" alt=\"\"\/><\/figure>\n\n\n\n<p>Wir sind die erste und einzige Herrenmannschaft der K\u00f6lner Turnerschaft von 1843 e. V.<\/p>\n\n\n\n<p>Als Truppe von aktuell 20 gr\u00f6\u00dftenteils sehr erfahrenen Recken erstreckt sich unser Altersspektrum von 24 bis 47.<\/p>\n\n\n\n<p>Trotz vorhandener famili\u00e4rer Verpflichtungen bei vielen Aktiven ist das Miteinander ausserhalb der Halle ein wichtiger Faktor. Daf\u00fcr steht nach dem Training das Casino der KT direkt nebenan zur Verf\u00fcgung.<\/p>\n\n\n\n<p>Nach zwei Jahren Erholungs-und Umbaupause sind wir zur\u00fcck in der Oberliga und streben als Saisonziel den entspannten Klassenerhalt an. Aktuell l\u00e4uft neben dem Ausklang der gemeinsamen Beach-Aktivit\u00e4ten unter dem wachsamen Auge von Trainer Guido Krause die Saisonvorbereitung.<\/p>\n\n\n\n<p>Zur Komplettierung unseres Kaders suchen wir zur Zeit noch einen MIttelblocker!<\/p>\n\n\n\n<p><a href=\"https:\/\/ergebnisdienst.volleyball.nrw\/cms\/home\/erwachsene\/verbandsligen\/vl_maenner\/verbandsliga_1_maenner.xhtml\" target=\"_blank\" rel=\"noreferrer noopener\">Ergebnisdienst des WVV<\/a><\/p>\n","protected":false},"excerpt":{"rendered":"<p>Liga2013\/2014 Oberliga I2014\/2015 Oberliga I2015\/2016 Verbandsliga I2016\/2017 Verbandsliga II2017\/2018 Oberliga I TrainingszeitenMontag 19:45 &#8211; 21:45Donnerstag 19:45 &#8211; 21:45 TrainingsortDreifachsporthalle des Gymnasiums KreuzgasseVogelsanger Stra\u00dfe 150672 K\u00f6ln Kontaktherren1-kt43volleyball@googlegroups.comfacebook\/kt43herren Wir sind die erste und einzige Herrenmannschaft der K\u00f6lner Turnerschaft von 1843 e. V. &hellip; <a href=\"https:\/\/volleyball-kt43.de\/?page_id=113\">Weiterlesen <span class=\"meta-nav\">&rarr;<\/span><\/a><\/p>\n","protected":false},"author":1,"featured_media":0,"parent":0,"menu_order":0,"comment_status":"closed","ping_status":"closed","template":"","meta":{"footnotes":""},"class_list":["post-113","page","type-page","status-publish","hentry"],"_links":{"self":[{"href":"https:\/\/volleyball-kt43.de\/index.php?rest_route=\/wp\/v2\/pages\/113","targetHints":{"allow":["GET"]}}],"collection":[{"href":"https:\/\/volleyball-kt43.de\/index.php?rest_route=\/wp\/v2\/pages"}],"about":[{"href":"https:\/\/volleyball-kt43.de\/index.php?rest_route=\/wp\/v2\/types\/page"}],"author":[{"embeddable":true,"href":"https:\/\/volleyball-kt43.de\/index.php?rest_route=\/wp\/v2\/users\/1"}],"replies":[{"embeddable":true,"href":"https:\/\/volleyball-kt43.de\/index.php?rest_route=%2Fwp%2Fv2%2Fcomments&post=113"}],"version-history":[{"count":4,"href":"https:\/\/volleyball-kt43.de\/index.php?rest_route=\/wp\/v2\/pages\/113\/revisions"}],"predecessor-version":[{"id":226,"href":"https:\/\/volleyball-kt43.de\/index.php?rest_route=\/wp\/v2\/pages\/113\/revisions\/226"}],"wp:attachment":[{"href":"https:\/\/volleyball-kt43.de\/index.php?rest_route=%2Fwp%2Fv2%2Fmedia&parent=113"}],"curies":[{"name":"wp","href":"https:\/\/api.w.org\/{rel}","templated":true}]}}