{"id":128,"date":"2020-11-13T17:41:35","date_gmt":"2020-11-13T17:41:35","guid":{"rendered":"https:\/\/volleyball-kt43.de\/?page_id=128"},"modified":"2024-11-26T09:53:47","modified_gmt":"2024-11-26T09:53:47","slug":"bfs-mixed-i","status":"publish","type":"page","link":"https:\/\/volleyball-kt43.de\/?page_id=128","title":{"rendered":"BFS Mixed I"},"content":{"rendered":"\n<p><strong>Liga<\/strong><br>Hobby Mixed Oberliga &#8211; Bezirk Rheinland<\/p>\n\n\n\n<p><strong>Trainingszeiten<\/strong><br>Donnerstag 19:30 &#8211; 21:30<\/p>\n\n\n\n<p><strong>Trainingsort<\/strong><br>Wir trainieren in der Pf\u00e4lzer Stra\u00dfe 30-34, 50677 K\u00f6ln. In der Sporthalle der Gemeinschaftsgrundschule. Ein Parkplatz ist direkt neben der Halle.<\/p>\n\n\n\n<p><strong>Kontakt:<\/strong><br><a href=\"mailto:mixedhobby1-kt43volleyball@googlegroups.com\">mixedhobby1-kt43volleyball@googlegroups.com<\/a><\/p>\n\n\n\n<p>Wir sind ein junges dynamisches Team welches sich in den letzten Jahren sehr gut in der Liga und<br>den Pokalen schl\u00e4gt. Unterst\u00fctzung bei den M\u00e4nnern auf der Mitte w\u00e4re w\u00fcnschenswert.<br><br>Kreispokalsieger 2024<br>Bezirkspokalsieger 2024<br><br>Westdeutsche Meisterschaften<br>2024 Vize Meister<br>2023 Meister<br><br>Norddeutsche Meisterschaften<br>2024 5. Platz<br>2023 4. Platz<br><br>Deutsche Meisterschaften<br>2024 qualifiziert<br>2023 5. Platz<br><br>Wir freuen uns auf die kommende Saison und die deutschen Meisterschaften im Dezember in Karlsruhe.<\/p>\n\n\n\n<p>Aktueller Kader:<br>Alex, Jonas, Manu, Friedel, Falk, Daniel K., Daniel B.<br>Lio, K\u00fcbra, Mareike, Saskia, Sarah, Tina, Zina, Ruth, Heli<br>Coach: Werner<\/p>\n\n\n\n<figure class=\"wp-block-image size-full\"><img loading=\"lazy\" decoding=\"async\" width=\"850\" height=\"677\" src=\"https:\/\/volleyball-kt43.de\/wp-content\/uploads\/2024\/11\/KT1.jpg\" alt=\"\" class=\"wp-image-210\" srcset=\"https:\/\/volleyball-kt43.de\/wp-content\/uploads\/2024\/11\/KT1.jpg 850w, https:\/\/volleyball-kt43.de\/wp-content\/uploads\/2024\/11\/KT1-300x239.jpg 300w, https:\/\/volleyball-kt43.de\/wp-content\/uploads\/2024\/11\/KT1-768x612.jpg 768w, https:\/\/volleyball-kt43.de\/wp-content\/uploads\/2024\/11\/KT1-377x300.jpg 377w\" sizes=\"auto, (max-width: 850px) 100vw, 850px\" \/><\/figure>\n\n\n\n<p><a href=\"https:\/\/bfs-rheinlandvolley.de\/75\" target=\"_blank\" rel=\"noreferrer noopener\">BFS-Ergebnisdienst Rheinland<\/a><\/p>\n","protected":false},"excerpt":{"rendered":"<p>LigaHobby Mixed Oberliga &#8211; Bezirk Rheinland TrainingszeitenDonnerstag 19:30 &#8211; 21:30 TrainingsortWir trainieren in der Pf\u00e4lzer Stra\u00dfe 30-34, 50677 K\u00f6ln. In der Sporthalle der Gemeinschaftsgrundschule. Ein Parkplatz ist direkt neben der Halle. Kontakt:mixedhobby1-kt43volleyball@googlegroups.com Wir sind ein junges dynamisches Team welches sich &hellip; <a href=\"https:\/\/volleyball-kt43.de\/?page_id=128\">Weiterlesen <span class=\"meta-nav\">&rarr;<\/span><\/a><\/p>\n","protected":false},"author":1,"featured_media":0,"parent":0,"menu_order":0,"comment_status":"closed","ping_status":"closed","template":"","meta":{"footnotes":""},"class_list":["post-128","page","type-page","status-publish","hentry"],"_links":{"self":[{"href":"https:\/\/volleyball-kt43.de\/index.php?rest_route=\/wp\/v2\/pages\/128","targetHints":{"allow":["GET"]}}],"collection":[{"href":"https:\/\/volleyball-kt43.de\/index.php?rest_route=\/wp\/v2\/pages"}],"about":[{"href":"https:\/\/volleyball-kt43.de\/index.php?rest_route=\/wp\/v2\/types\/page"}],"author":[{"embeddable":true,"href":"https:\/\/volleyball-kt43.de\/index.php?rest_route=\/wp\/v2\/users\/1"}],"replies":[{"embeddable":true,"href":"https:\/\/volleyball-kt43.de\/index.php?rest_route=%2Fwp%2Fv2%2Fcomments&post=128"}],"version-history":[{"count":7,"href":"https:\/\/volleyball-kt43.de\/index.php?rest_route=\/wp\/v2\/pages\/128\/revisions"}],"predecessor-version":[{"id":243,"href":"https:\/\/volleyball-kt43.de\/index.php?rest_route=\/wp\/v2\/pages\/128\/revisions\/243"}],"wp:attachment":[{"href":"https:\/\/volleyball-kt43.de\/index.php?rest_route=%2Fwp%2Fv2%2Fmedia&parent=128"}],"curies":[{"name":"wp","href":"https:\/\/api.w.org\/{rel}","templated":true}]}}