{"id":131,"date":"2020-11-13T17:43:20","date_gmt":"2020-11-13T17:43:20","guid":{"rendered":"https:\/\/volleyball-kt43.de\/?page_id=131"},"modified":"2024-11-21T12:44:37","modified_gmt":"2024-11-21T12:44:37","slug":"bfs-mixed-ii","status":"publish","type":"page","link":"https:\/\/volleyball-kt43.de\/?page_id=131","title":{"rendered":"BFS Mixed II"},"content":{"rendered":"\n<h2 class=\"wp-block-heading\">Willkommen bei KT43 K\u00f6ln II<\/h2>\n\n\n\n<p>Hallo! Wir sind die zweite Hobby-Mixed-Mannschaft der K\u00f6lner Turnerschaft 1843, zuhause am Gr\u00fcng\u00fcrtel zwischen dem Belgischen Vierten und Ehrenfeld. Auf den folgenden Seiten findest Du aktuelle Infos zur Mannschaft, zum Training und zu unseren Spielterminen. Unsere Trainingshalle ist zentral am Friesenplatz gelegen, wir freuen uns immer \u00fcber Anfragen \u2013 bei Interesse melde Dich gerne unter <a href=\"mailto:BFS.Mixed2@KT43-Volleyball.de\">BFS.Mixed2@KT43-Volleyball.de<\/a><\/p>\n\n\n\n<figure class=\"wp-block-image size-large\"><img loading=\"lazy\" decoding=\"async\" width=\"1024\" height=\"768\" src=\"https:\/\/volleyball-kt43.de\/wp-content\/uploads\/2021\/09\/Mannschaftsfoto_KT43Koeln2_1_1280x720-1024x768.jpg\" alt=\"\" class=\"wp-image-158\" srcset=\"https:\/\/volleyball-kt43.de\/wp-content\/uploads\/2021\/09\/Mannschaftsfoto_KT43Koeln2_1_1280x720-1024x768.jpg 1024w, https:\/\/volleyball-kt43.de\/wp-content\/uploads\/2021\/09\/Mannschaftsfoto_KT43Koeln2_1_1280x720-300x225.jpg 300w, https:\/\/volleyball-kt43.de\/wp-content\/uploads\/2021\/09\/Mannschaftsfoto_KT43Koeln2_1_1280x720-768x576.jpg 768w, https:\/\/volleyball-kt43.de\/wp-content\/uploads\/2021\/09\/Mannschaftsfoto_KT43Koeln2_1_1280x720-400x300.jpg 400w, https:\/\/volleyball-kt43.de\/wp-content\/uploads\/2021\/09\/Mannschaftsfoto_KT43Koeln2_1_1280x720.jpg 1280w\" sizes=\"auto, (max-width: 1024px) 100vw, 1024px\" \/><figcaption class=\"wp-element-caption\"><strong><em>Michael, Sandra, Sara, Olaf, Gena, Babsi (v.l.n.r, hinten)<br>Sebastian, Marc, Sarah, Barbara, Heike, Julia, Sebastian (v.l.n.r, vorne)<br>Hetti, Kathrin, Dennis, Sophie, Michael, Rebecca, Udo (leider nicht auf dem Foto)<\/em><\/strong><\/figcaption><\/figure>\n\n\n\n<h2 class=\"wp-block-heading\">Aktuelle Spielersuche<\/h2>\n\n\n\n<p>F\u00fcr die kommende Saison sind wir personell gut aufgestellt und m\u00f6chten unseren Kader zur Zeit nicht weiter vergr\u00f6\u00dfern.<\/p>\n\n\n\n<h2 class=\"wp-block-heading\">Trainingszeiten, Spiele etc.<\/h2>\n\n\n\n<p>Infos zum Training, zu unseren Ligaspielen und zum Schiedsgericht findest Du auf unserer <a rel=\"noreferrer noopener\" href=\"https:\/\/kubvolley.de\/kt43-koeln-2\/\" target=\"_blank\">Webseite<\/a>.<\/p>\n\n\n\n<p>&#8212;&#8212;&#8212;&#8212;&#8212;&#8212;&#8212;&#8212;&#8212;&#8212;&#8212;&#8212;&#8212;&#8212;&#8212;&#8212;&#8212;&#8212;&#8212;<\/p>\n\n\n\n<p><strong>Liga<\/strong><br>BFS-Mixed &#8211; Bezirksliga 4 Rheinland<\/p>\n\n\n\n<p><strong>Trainingszeiten<\/strong><br>Montag 19.30 &#8211; 22.00 Uhr<\/p>\n\n\n\n<p><strong>Trainingsort<\/strong><br>K\u00f6nigin-Luise-Schule &#8211; Alte Wallgasse 10 &#8211; 50672 K\u00f6ln (N\u00e4he Friesenplatz)&nbsp;.<\/p>\n\n\n\n<p><strong>Kontakt:<\/strong><br>Mail: <a rel=\"noreferrer noopener\" href=\"mailto:kubvolley@gmx.de\" target=\"_blank\">kubvolley@gmx.de<\/a><br>Webseite: <a rel=\"noreferrer noopener\" href=\"https:\/\/kubvolley.de\/kt43-koeln-2\/\" target=\"_blank\" data-type=\"URL\" data-id=\"https:\/\/kubvolley.de\/kt43-koeln-2\/\">https:\/\/kubvolley.de\/kt43-koeln-2\/<\/a><\/p>\n\n\n\n<p><a href=\"https:\/\/bfs-rheinlandvolley.de\/22\" target=\"_blank\" rel=\"noreferrer noopener\">BFS-Ergebnisdienst Rheinland<\/a><\/p>\n","protected":false},"excerpt":{"rendered":"<p>Willkommen bei KT43 K\u00f6ln II Hallo! Wir sind die zweite Hobby-Mixed-Mannschaft der K\u00f6lner Turnerschaft 1843, zuhause am Gr\u00fcng\u00fcrtel zwischen dem Belgischen Vierten und Ehrenfeld. Auf den folgenden Seiten findest Du aktuelle Infos zur Mannschaft, zum Training und zu unseren Spielterminen. &hellip; <a href=\"https:\/\/volleyball-kt43.de\/?page_id=131\">Weiterlesen <span class=\"meta-nav\">&rarr;<\/span><\/a><\/p>\n","protected":false},"author":1,"featured_media":0,"parent":0,"menu_order":0,"comment_status":"closed","ping_status":"closed","template":"","meta":{"footnotes":""},"class_list":["post-131","page","type-page","status-publish","hentry"],"_links":{"self":[{"href":"https:\/\/volleyball-kt43.de\/index.php?rest_route=\/wp\/v2\/pages\/131","targetHints":{"allow":["GET"]}}],"collection":[{"href":"https:\/\/volleyball-kt43.de\/index.php?rest_route=\/wp\/v2\/pages"}],"about":[{"href":"https:\/\/volleyball-kt43.de\/index.php?rest_route=\/wp\/v2\/types\/page"}],"author":[{"embeddable":true,"href":"https:\/\/volleyball-kt43.de\/index.php?rest_route=\/wp\/v2\/users\/1"}],"replies":[{"embeddable":true,"href":"https:\/\/volleyball-kt43.de\/index.php?rest_route=%2Fwp%2Fv2%2Fcomments&post=131"}],"version-history":[{"count":10,"href":"https:\/\/volleyball-kt43.de\/index.php?rest_route=\/wp\/v2\/pages\/131\/revisions"}],"predecessor-version":[{"id":228,"href":"https:\/\/volleyball-kt43.de\/index.php?rest_route=\/wp\/v2\/pages\/131\/revisions\/228"}],"wp:attachment":[{"href":"https:\/\/volleyball-kt43.de\/index.php?rest_route=%2Fwp%2Fv2%2Fmedia&parent=131"}],"curies":[{"name":"wp","href":"https:\/\/api.w.org\/{rel}","templated":true}]}}